{"id":26232,"date":"2020-12-03T17:04:08","date_gmt":"2020-12-03T16:04:08","guid":{"rendered":"https:\/\/www.wiseband.com\/blog\/boutique-2\/"},"modified":"2021-04-22T17:17:08","modified_gmt":"2021-04-22T15:17:08","slug":"boutique-2","status":"publish","type":"page","link":"https:\/\/www.wiseband.fr\/blog\/boutique-2\/","title":{"rendered":"Boutique"},"content":{"rendered":"\n<h2 class=\"wp-block-heading\"><p><strong>1. Comment cr\u00e9er ma boutique ?<\/strong><\/p><\/h2>\n\n\n\n<ul class=\"wp-block-list\"><li><p>Pour cr\u00e9er votre boutique vous devez aller dans l&rsquo;onglet&nbsp;<strong>PRODUITS &gt; BOUTIQUES<\/strong>. Vous devez s\u00e9lectionner le groupe avec lequel vous souhaitez cr\u00e9er une boutique.<span class=\"Apple-converted-space\">&nbsp;<\/span><\/p><\/li><li>Cliquez ensuite sur cr\u00e9er une boutique. <\/li><li>En Image : <\/li><li>uivez ensuite les instructions qui vous seront demand\u00e9es. <\/li><\/ul>\n\n\n\n<p><\/p>\n\n\n\n<figure class=\"wp-block-image\"><img decoding=\"async\" src=\"https:\/\/www.wiseband.fr\/blog\/wp-content\/uploads\/2020\/11\/Capture-decran-2020-11-10-a-15.29.48.png\" alt=\"\" title=\"Capture d\u2019\u00e9cran 2020-11-10 \u00e0 15.29.48\"\/><\/figure>\n\n\n\n<p><\/p>\n\n\n\n<h2 class=\"wp-block-heading\"><p><strong>2. Comment partager ma boutique ? (sur mon site internet par exemple)<\/strong><\/p><\/h2>\n\n\n\n<p><p>Dans la liste des boutiques, veuillez suivre le chemin suivant :<span class=\"Apple-converted-space\">\u00a0<\/span><strong>PUBLIER &gt; UTILISER CE STYLE\u00a0<\/strong>&gt; Puis s\u00e9lectionnez le code qui convient.<\/p><\/p>\n\n\n\n<p><\/p>\n\n\n\n<p><\/p>\n\n\n\n<h2 class=\"wp-block-heading\"><p><strong>3. Comment mettre ma boutique sur Facebook ?<\/strong><\/p><\/h2>\n\n\n\n<ul class=\"wp-block-list\"><li>Facebook impose un nombre de followers minimum pour pouvoir acc\u00e9der \u00e0 cette fonctionnalit\u00e9 qui est de 2500.<\/li><li>Il faut savoir que les onglets d\u2019applications tiers comme la boutique Wiseband n&rsquo;apparaissent pas sous la version mobile de Facebook. <\/li><li>Vous devez avoir cr\u00e9\u00e9 une page Band FM pour pouvoir la relier \u00e0 votre page Facebook et ainsi afficher votre boutique.<\/li><li><p>D\u00e9marche \u00e0 suivre : <strong>WISEBOARD &gt; FACEBOOK TAB&gt; PUT A BAND PAGE ON FACEBOOK &gt; MANAGE FACEBOOK PAGE<\/strong>&nbsp;<\/p><\/li><\/ul>\n\n\n\n<p><\/p>\n","protected":false},"excerpt":{"rendered":"<p>1. Comment cr\u00e9er ma boutique ? Pour cr\u00e9er votre boutique vous devez aller dans l&rsquo;onglet&nbsp;PRODUITS &gt; BOUTIQUES. Vous devez s\u00e9lectionner le groupe avec lequel vous souhaitez cr\u00e9er une boutique.&nbsp; Cliquez ensuite sur cr\u00e9er une boutique. En Image : uivez ensuite les instructions qui vous seront demand\u00e9es. 2. Comment partager ma boutique ? (sur mon site [&hellip;]<\/p>\n","protected":false},"author":2,"featured_media":25491,"parent":0,"menu_order":0,"comment_status":"closed","ping_status":"closed","template":"","meta":{"_et_pb_use_builder":"off","_et_pb_old_content":"","_et_gb_content_width":"","footnotes":""},"categories":[57],"tags":[],"class_list":["post-26232","page","type-page","status-publish","has-post-thumbnail","hentry","category-faq-fr"],"yoast_head":"<!-- This site is optimized with the Yoast SEO plugin v26.3 - https:\/\/yoast.com\/wordpress\/plugins\/seo\/ -->\n<title>Boutique - Wiseband<\/title>\n<meta name=\"robots\" content=\"index, follow, max-snippet:-1, max-image-preview:large, max-video-preview:-1\" \/>\n<link rel=\"canonical\" href=\"https:\/\/www.wiseband.fr\/blog\/boutique-2\/\" \/>\n<meta property=\"og:locale\" content=\"fr_FR\" \/>\n<meta property=\"og:type\" content=\"article\" \/>\n<meta property=\"og:title\" content=\"Boutique - Wiseband\" \/>\n<meta property=\"og:description\" content=\"1. Comment cr\u00e9er ma boutique ? Pour cr\u00e9er votre boutique vous devez aller dans l&rsquo;onglet&nbsp;PRODUITS &gt; BOUTIQUES. Vous devez s\u00e9lectionner le groupe avec lequel vous souhaitez cr\u00e9er une boutique.&nbsp; Cliquez ensuite sur cr\u00e9er une boutique. En Image : uivez ensuite les instructions qui vous seront demand\u00e9es. 2. Comment partager ma boutique ? (sur mon site [&hellip;]\" \/>\n<meta property=\"og:url\" content=\"https:\/\/www.wiseband.fr\/blog\/boutique-2\/\" \/>\n<meta property=\"og:site_name\" content=\"Wiseband\" \/>\n<meta property=\"article:modified_time\" content=\"2021-04-22T15:17:08+00:00\" \/>\n<meta property=\"og:image\" content=\"https:\/\/www.wiseband.fr\/blog\/wp-content\/uploads\/2020\/11\/shopletter-1-scaled.jpg\" \/>\n\t<meta property=\"og:image:width\" content=\"2142\" \/>\n\t<meta property=\"og:image:height\" content=\"2560\" \/>\n\t<meta property=\"og:image:type\" content=\"image\/jpeg\" \/>\n<meta name=\"twitter:card\" content=\"summary_large_image\" \/>\n<meta name=\"twitter:label1\" content=\"Est. reading time\" \/>\n\t<meta name=\"twitter:data1\" content=\"1 minute\" \/>\n<script type=\"application\/ld+json\" class=\"yoast-schema-graph\">{\"@context\":\"https:\/\/schema.org\",\"@graph\":[{\"@type\":\"WebPage\",\"@id\":\"https:\/\/www.wiseband.fr\/blog\/boutique-2\/\",\"url\":\"https:\/\/www.wiseband.fr\/blog\/boutique-2\/\",\"name\":\"Boutique - Wiseband\",\"isPartOf\":{\"@id\":\"https:\/\/www.wiseband.fr\/blog\/#website\"},\"primaryImageOfPage\":{\"@id\":\"https:\/\/www.wiseband.fr\/blog\/boutique-2\/#primaryimage\"},\"image\":{\"@id\":\"https:\/\/www.wiseband.fr\/blog\/boutique-2\/#primaryimage\"},\"thumbnailUrl\":\"https:\/\/www.wiseband.fr\/blog\/wp-content\/uploads\/2020\/11\/shopletter-1-scaled.jpg\",\"datePublished\":\"2020-12-03T16:04:08+00:00\",\"dateModified\":\"2021-04-22T15:17:08+00:00\",\"breadcrumb\":{\"@id\":\"https:\/\/www.wiseband.fr\/blog\/boutique-2\/#breadcrumb\"},\"inLanguage\":\"fr-FR\",\"potentialAction\":[{\"@type\":\"ReadAction\",\"target\":[\"https:\/\/www.wiseband.fr\/blog\/boutique-2\/\"]}]},{\"@type\":\"ImageObject\",\"inLanguage\":\"fr-FR\",\"@id\":\"https:\/\/www.wiseband.fr\/blog\/boutique-2\/#primaryimage\",\"url\":\"https:\/\/www.wiseband.fr\/blog\/wp-content\/uploads\/2020\/11\/shopletter-1-scaled.jpg\",\"contentUrl\":\"https:\/\/www.wiseband.fr\/blog\/wp-content\/uploads\/2020\/11\/shopletter-1-scaled.jpg\",\"width\":2142,\"height\":2560},{\"@type\":\"BreadcrumbList\",\"@id\":\"https:\/\/www.wiseband.fr\/blog\/boutique-2\/#breadcrumb\",\"itemListElement\":[{\"@type\":\"ListItem\",\"position\":1,\"name\":\"Home\",\"item\":\"https:\/\/www.wiseband.fr\/blog\/\"},{\"@type\":\"ListItem\",\"position\":2,\"name\":\"Boutique\"}]},{\"@type\":\"WebSite\",\"@id\":\"https:\/\/www.wiseband.fr\/blog\/#website\",\"url\":\"https:\/\/www.wiseband.fr\/blog\/\",\"name\":\"Wiseband\",\"description\":\"Digital Music Distribution\",\"publisher\":{\"@id\":\"https:\/\/www.wiseband.fr\/blog\/#organization\"},\"potentialAction\":[{\"@type\":\"SearchAction\",\"target\":{\"@type\":\"EntryPoint\",\"urlTemplate\":\"https:\/\/www.wiseband.fr\/blog\/?s={search_term_string}\"},\"query-input\":{\"@type\":\"PropertyValueSpecification\",\"valueRequired\":true,\"valueName\":\"search_term_string\"}}],\"inLanguage\":\"fr-FR\"},{\"@type\":\"Organization\",\"@id\":\"https:\/\/www.wiseband.fr\/blog\/#organization\",\"name\":\"Wiseband\",\"url\":\"https:\/\/www.wiseband.fr\/blog\/\",\"logo\":{\"@type\":\"ImageObject\",\"inLanguage\":\"fr-FR\",\"@id\":\"https:\/\/www.wiseband.fr\/blog\/#\/schema\/logo\/image\/\",\"url\":\"https:\/\/www.wiseband.fr\/blog\/wp-content\/uploads\/2024\/07\/logo-wiseband.png\",\"contentUrl\":\"https:\/\/www.wiseband.fr\/blog\/wp-content\/uploads\/2024\/07\/logo-wiseband.png\",\"width\":540,\"height\":200,\"caption\":\"Wiseband\"},\"image\":{\"@id\":\"https:\/\/www.wiseband.fr\/blog\/#\/schema\/logo\/image\/\"}}]}<\/script>\n<!-- \/ Yoast SEO plugin. -->","yoast_head_json":{"title":"Boutique - Wiseband","robots":{"index":"index","follow":"follow","max-snippet":"max-snippet:-1","max-image-preview":"max-image-preview:large","max-video-preview":"max-video-preview:-1"},"canonical":"https:\/\/www.wiseband.fr\/blog\/boutique-2\/","og_locale":"fr_FR","og_type":"article","og_title":"Boutique - Wiseband","og_description":"1. Comment cr\u00e9er ma boutique ? Pour cr\u00e9er votre boutique vous devez aller dans l&rsquo;onglet&nbsp;PRODUITS &gt; BOUTIQUES. Vous devez s\u00e9lectionner le groupe avec lequel vous souhaitez cr\u00e9er une boutique.&nbsp; Cliquez ensuite sur cr\u00e9er une boutique. En Image : uivez ensuite les instructions qui vous seront demand\u00e9es. 2. Comment partager ma boutique ? (sur mon site [&hellip;]","og_url":"https:\/\/www.wiseband.fr\/blog\/boutique-2\/","og_site_name":"Wiseband","article_modified_time":"2021-04-22T15:17:08+00:00","og_image":[{"width":2142,"height":2560,"url":"https:\/\/www.wiseband.fr\/blog\/wp-content\/uploads\/2020\/11\/shopletter-1-scaled.jpg","type":"image\/jpeg"}],"twitter_card":"summary_large_image","twitter_misc":{"Est. reading time":"1 minute"},"schema":{"@context":"https:\/\/schema.org","@graph":[{"@type":"WebPage","@id":"https:\/\/www.wiseband.fr\/blog\/boutique-2\/","url":"https:\/\/www.wiseband.fr\/blog\/boutique-2\/","name":"Boutique - Wiseband","isPartOf":{"@id":"https:\/\/www.wiseband.fr\/blog\/#website"},"primaryImageOfPage":{"@id":"https:\/\/www.wiseband.fr\/blog\/boutique-2\/#primaryimage"},"image":{"@id":"https:\/\/www.wiseband.fr\/blog\/boutique-2\/#primaryimage"},"thumbnailUrl":"https:\/\/www.wiseband.fr\/blog\/wp-content\/uploads\/2020\/11\/shopletter-1-scaled.jpg","datePublished":"2020-12-03T16:04:08+00:00","dateModified":"2021-04-22T15:17:08+00:00","breadcrumb":{"@id":"https:\/\/www.wiseband.fr\/blog\/boutique-2\/#breadcrumb"},"inLanguage":"fr-FR","potentialAction":[{"@type":"ReadAction","target":["https:\/\/www.wiseband.fr\/blog\/boutique-2\/"]}]},{"@type":"ImageObject","inLanguage":"fr-FR","@id":"https:\/\/www.wiseband.fr\/blog\/boutique-2\/#primaryimage","url":"https:\/\/www.wiseband.fr\/blog\/wp-content\/uploads\/2020\/11\/shopletter-1-scaled.jpg","contentUrl":"https:\/\/www.wiseband.fr\/blog\/wp-content\/uploads\/2020\/11\/shopletter-1-scaled.jpg","width":2142,"height":2560},{"@type":"BreadcrumbList","@id":"https:\/\/www.wiseband.fr\/blog\/boutique-2\/#breadcrumb","itemListElement":[{"@type":"ListItem","position":1,"name":"Home","item":"https:\/\/www.wiseband.fr\/blog\/"},{"@type":"ListItem","position":2,"name":"Boutique"}]},{"@type":"WebSite","@id":"https:\/\/www.wiseband.fr\/blog\/#website","url":"https:\/\/www.wiseband.fr\/blog\/","name":"Wiseband","description":"Digital Music Distribution","publisher":{"@id":"https:\/\/www.wiseband.fr\/blog\/#organization"},"potentialAction":[{"@type":"SearchAction","target":{"@type":"EntryPoint","urlTemplate":"https:\/\/www.wiseband.fr\/blog\/?s={search_term_string}"},"query-input":{"@type":"PropertyValueSpecification","valueRequired":true,"valueName":"search_term_string"}}],"inLanguage":"fr-FR"},{"@type":"Organization","@id":"https:\/\/www.wiseband.fr\/blog\/#organization","name":"Wiseband","url":"https:\/\/www.wiseband.fr\/blog\/","logo":{"@type":"ImageObject","inLanguage":"fr-FR","@id":"https:\/\/www.wiseband.fr\/blog\/#\/schema\/logo\/image\/","url":"https:\/\/www.wiseband.fr\/blog\/wp-content\/uploads\/2024\/07\/logo-wiseband.png","contentUrl":"https:\/\/www.wiseband.fr\/blog\/wp-content\/uploads\/2024\/07\/logo-wiseband.png","width":540,"height":200,"caption":"Wiseband"},"image":{"@id":"https:\/\/www.wiseband.fr\/blog\/#\/schema\/logo\/image\/"}}]}},"_links":{"self":[{"href":"https:\/\/www.wiseband.fr\/blog\/wp-json\/wp\/v2\/pages\/26232","targetHints":{"allow":["GET"]}}],"collection":[{"href":"https:\/\/www.wiseband.fr\/blog\/wp-json\/wp\/v2\/pages"}],"about":[{"href":"https:\/\/www.wiseband.fr\/blog\/wp-json\/wp\/v2\/types\/page"}],"author":[{"embeddable":true,"href":"https:\/\/www.wiseband.fr\/blog\/wp-json\/wp\/v2\/users\/2"}],"replies":[{"embeddable":true,"href":"https:\/\/www.wiseband.fr\/blog\/wp-json\/wp\/v2\/comments?post=26232"}],"version-history":[{"count":0,"href":"https:\/\/www.wiseband.fr\/blog\/wp-json\/wp\/v2\/pages\/26232\/revisions"}],"wp:featuredmedia":[{"embeddable":true,"href":"https:\/\/www.wiseband.fr\/blog\/wp-json\/wp\/v2\/media\/25491"}],"wp:attachment":[{"href":"https:\/\/www.wiseband.fr\/blog\/wp-json\/wp\/v2\/media?parent=26232"}],"wp:term":[{"taxonomy":"category","embeddable":true,"href":"https:\/\/www.wiseband.fr\/blog\/wp-json\/wp\/v2\/categories?post=26232"},{"taxonomy":"post_tag","embeddable":true,"href":"https:\/\/www.wiseband.fr\/blog\/wp-json\/wp\/v2\/tags?post=26232"}],"curies":[{"name":"wp","href":"https:\/\/api.w.org\/{rel}","templated":true}]}}